{"id":1335,"date":"2024-03-27T16:21:53","date_gmt":"2024-03-27T13:21:53","guid":{"rendered":"http:\/\/iep.kolasc.net.ru\/journal\/eng\/?page_id=1335"},"modified":"2024-03-29T12:18:16","modified_gmt":"2024-03-29T09:18:16","slug":"improving-the-standard-of-living-in-arctic-regions-as-a-fundamental-requirement-for-russias-national-security","status":"publish","type":"page","link":"http:\/\/iep.kolasc.net.ru\/journal\/eng\/?page_id=1335","title":{"rendered":"IMPROVING THE STANDARD OF LIVING IN ARCTIC REGIONS \u00a0AS A FUNDAMENTAL REQUIREMENT FOR RUSSIA&#8217;S NATIONAL SECURITY"},"content":{"rendered":"<p style=\"text-align: justify;\">Original article<\/p>\n<p style=\"text-align: justify;\"><strong> <a href=\"http:\/\/iep.kolasc.net.ru\/journal\/wp-content\/uploads\/11.Sir_2021-1.pdf\" target=\"_blank\" rel=\"noreferrer noopener\">Download\u00a0article<\/a>\u00a0<\/strong><\/p>\n<p style=\"text-align: justify;\"><strong>Elena V. Strokan<sup>1<\/sup>, Lyudmila N. Lipatova<sup>2<\/sup>, Valentina N. Gradusova<sup>3<\/sup><\/strong><\/p>\n<p style=\"text-align: justify;\"><sup>1, 2, 3<\/sup>The North-West Institute of Management \u2014 Branch of the Russian Presidential Academy of National Economy \u00a0and Public Administration, Saint Petersburg, Russia<\/p>\n<p style=\"text-align: justify;\"><sup>1<\/sup><a href=\"mailto:moiseeva-ev@ranepa.ru\">moiseeva-ev@ranepa.ru<\/a>, ORCID <a href=\"https:\/\/orcid.org\/0009-0004-6656-1158\">0009-0004-6656-1158<\/a><\/p>\n<p style=\"text-align: justify;\"><sup>2<\/sup><a href=\"mailto:ln.lipatova@yandex.ru\"><u>ln.lipatova@yandex.ru<\/u><\/a>, ORCID <a href=\"https:\/\/orcid.org\/0000-0002-9357-6708\">0000-0002-9357-6708<\/a><\/p>\n<p style=\"text-align: justify;\"><sup>3<\/sup><a href=\"mailto:gradusova-vn@ranepa.ru\">gradusova-vn@ranepa.ru<\/a>, ORCID <a href=\"https:\/\/orcid.org\/0000-0002-0829-4555\">0000-0002-0829-4555<\/a><\/p>\n<p style=\"text-align: justify;\"><strong>Abstract<\/strong>. The population in the Russian Arctic is dwindling, primarily due to migration outflows linked to significant disparities \u00a0in living standards across the nation. This underscores the importance and objective of this article, which aims to evaluate \u00a0the standard of living in strategically important regions of the country and propose a comprehensive set of measures \u00a0for improvement. The scientific novelty of this work lies in the authors&#8217; introduction and validation of a methodology \u00a0for standard-of-living assessment distinct from the official approach. To attain the study&#8217;s goal, a broader array of indicators was employed, encompassing material conditions, employment rates, housing conditions, and the development of infrastructure for education, health, culture, and sports. Findings reveal that inhabitants of Arctic regions generally experience a lower standard \u00a0of living compared to residents of other Russian territories. Noteworthy disparities include a substantial deviation from \u00a0the average Russian level in the ratio of income per capita and its principal components to the subsistence level, higher poverty rates, higher unemployment rates, a significant number of families requiring improved housing conditions, and limited access \u00a0to quality higher education and cultural services. The Chukotka Autonomous District, Yamalo-Nenets Autonomous District, \u00a0and Murmansk Region exhibit more favorable living conditions, while the Republic of Sakha (Yakutia), Nenets Autonomous District, and Krasnoyarsk Territory face greater challenges, as per Rosstat data for 2021. This study advocates for the exclusion of average monthly income as an indicator in the Strategy for the Development of the Arctic Zone of the Russian Federation, focusing instead on three key indicators: the ratio of income per capita to the subsistence level, the proportion of the population with income below the subsistence level, and the proportion of families in need of improved housing conditions. Target levels for these indicators are proposed, accompanied by measures to improve the standard of living in Arctic regions. The proposed approach can be used to assess the standard of living in other Russian regions.<\/p>\n<p style=\"text-align: justify;\"><em>Keywords: <\/em>Russian Arctic, priority territory, national security, standard of living, income per capita, poverty line, housing conditions, access to social benefits<\/p>\n<p style=\"text-align: justify;\"><strong>Acknowledgments: <\/strong>this study was conducted at the North-West Institute of Management (Branch of the Russian Presidential Academy of National Economy and Public Administration) within the research project 122112900016-1 registered \u00a0in the EGISU NIOKTR system on November 29, 2022.<\/p>\n<p style=\"text-align: justify;\"><strong>For citation: <\/strong>Strokan E. V., Lipatova L. N., Gradusova V. N. Improving the standard of living in Arctic regions as a fundamental requirement for Russia\u2019s national security. <em>Sever i rynok: formirovanie ekonomicheskogo poryadka <\/em>[The North and the Market: Forming the Economic Order], 2024, no. 1, pp. 152\u2013169. doi:10.37614\/2220-802X.1.2024.83.011.<\/p>\n<p style=\"text-align: justify;\"><strong>References<\/strong><\/p>\n<ol>\n<li style=\"text-align: justify;\">Smirnov A. V., Lytkina U. V. Economic specialization and demographic development of settlements in the Northern region. <em>Population and Economics<\/em>, 2022, vol. 6(2), \u0440 14\u201334. DOI:<a href=\"https:\/\/doi.org\/10.3897\/popecon.6.e81561\">10.3897\/popecon.6.e81561<\/a><\/li>\n<li style=\"text-align: justify;\">Huskey L. Challenges to Economic Development: Dimensions of \u201cRemoteness\u201d in the North. <em>Polar Geography<\/em>, 2005, 29 (2), \u0440p. 119\u2013125. DOI: <a href=\"https:\/\/doi.org\/10.1080\/789610129\">10.1080\/789610129<\/a>.<\/li>\n<li style=\"text-align: justify;\">Zamyatina N. Yu., Pilyasov A. N. Novaya teoriya osvoeniya (prostranstva) Arktiki i Severa: polimasshtabnyi mezhdistsiplinarnyi sintez [A new theory of the development of the Arctic and the North: a multi-scale interdisciplinary synthesis]. <em>Arktika i Sever <\/em>[Arctic and North], 2018, no. 31, \u0440\u0440. 5\u201327. (In Russ.). doi: <a href=\"https:\/\/doi.org\/10.17238\/issn2221-2698.2018.31.5\">10.17238\/issn2221-2698.2018.31.5<\/a>.<\/li>\n<li style=\"text-align: justify;\">Skufina T. P., Baranov S. V., Samarina V. P., Samarin A. V. Vliyanie natsional&#8217;noi arkticheskoi politiki na sotsial&#8217;no-ekonomicheskie preobrazovaniya v arkticheskikh regionakh Rossii [The impact of the national Arctic policy on the socio-economic transformations of Russia\u2019s Polar regions]. <em>Sever i rynok: formirovanie ekonomicheskogo poryadka<\/em> [The North and the Market: Forming the Economic Order], 2022, no. 2, \u0440\u0440. 69\u201381. (In Russ.). doi:<a href=\"https:\/\/doi.org\/10.37614\/2220-802x.2.2022.76.006\">10.37614\/2220-802X.2.2022.76.006<\/a><\/li>\n<li style=\"text-align: justify;\">Selin V. S., Larichkin F. D., Tsukerman V. A., Goryachevskaya E. S. Problemy natsional&#8217;noi industrializatsii i promyshlennaya politika resursno-syr&#8217;evykh kompanii Arkticheskoi zony Rossiiskoi Federatsii [Challenges of the national industrial development and policy of mining companies in the Arctic Region of the Russian Federation]. <em>Gornyi Zhurnal<\/em> [Gornyi Zhurnal], 2016, no. 10, \u0440\u0440. 25\u201333. (In Russ.). doi: <a href=\"https:\/\/doi.org\/10.17580\/gzh.2016.10.04\">10.17580\/gzh.2016.10.04<\/a>.<\/li>\n<li style=\"text-align: justify;\">Fauzer V. V., Smirnov A. V., Lytkina T. S., Fauzer G. N. Vyzovy i protivorechiya v razvitii Severa i Arktiki: demograficheskoe izmerenie [Challenges and contradictions in the development of the North and the Arctic: demographic dimension]. <em>Arktika: ekologiya i ekonomika<\/em> [Arctic: Ecology and Economy], 2022, vol. 12, no. 1, \u0440\u0440. 111\u2013122. (In Russ.). doi:<a href=\"https:\/\/doi.org\/10.25283\/2223-4594-2022-1-111-122\">10.25283\/2223-4594-2022-1-111-122<\/a><\/li>\n<li style=\"text-align: justify;\">Provorova A. A., Gubina O. V. Ozhidaemaya prodolzhitel&#8217;nost&#8217; zhizni v rossiiskoi Arktike: regional&#8217;nye osobennosti i rezervy rosta [Life expectancy in the Russian Arctic: regional features and growth reserves]. <em>Arktika: ekologiya i ekonomika<\/em> [Arctic: Ecology and Economy], 2022, vol. 12, no. 1, \u0440\u0440. 6\u201318. (In Russ.). doi: <a href=\"https:\/\/doi.org\/10.25283\/2223-4594-2022-1-6-18\">10.25283\/2223-4594-2022-1-6-18<\/a>.<\/li>\n<li style=\"text-align: justify;\">Smirennikova E. V., Provorova A. A., Ukhanova A. V., Gubina O. V., Voronina L. V. Determinanty demograficheskikh protsessov v rossiiskoi Arktike: faktornyi analiz [Determinants of demographic processes in the Russian Arctic: factor analysis]. <em>Arktika: ekologiya i ekonomika<\/em> [Arctic: Ecology and Economy], 2022, vol. 12, no. 4, \u0440\u0440. 585\u2013597. (In Russ.). doi:\u00a0<a href=\"https:\/\/doi.org\/10.25283\/2223-4594-2022-4-585-597\">10.25283\/2223-4594-2022-4-585-597<\/a><\/li>\n<li style=\"text-align: justify;\">Fauzer V. V., Smirnov A. V., Fauzer G. N. Demograficheskaya dinamika i transformatsiya sistemy rasseleniya na Severe Rossii v koordinatakh perepisi naseleniya 2021 goda [Demographic trends and transformation \u00a0of population distribution in the North of Russia: Insights from the 2021 census]. <em>Sever i rynok: formirovanie ekonomicheskogo poryadka<\/em> [The North and the Market: Forming the Economic Order], 2023, no. 1, pp. 64\u201379. \u00a0(In Russ.). doi:<a href=\"https:\/\/doi.org\/10.37614\/2220-802x.1.2023.79.004\">10.37614\/2220-802X.1.2023.79.004<\/a>.<\/li>\n<li style=\"text-align: justify;\">Petrov Yu. V. Demograficheskaya otsenka razvitiya naselennykh punktov v aziatskoi chasti Arkticheskoi zony Rossiiskoi Federatsii [Demographic assessment of the development of settlements in the Asian part of the Arctic zone of the Russian Federation]. <em>Arktika: ekologiya i ekonomika<\/em> [Arctic: Ecology and Economy], 2022, vol. 12, no. 3, \u0440\u0440. 387\u2013399. (In Russ.). doi: <a href=\"http:\/\/arctica-ac.ru\/docs\/journals\/47\/demograficheskaya-ocenka-razvitiya-naselennyh-punktov-vaziatskoy-chasti-arktiche.pdf\">10.25283\/2223-4594-2022-3-387-399<\/a><\/li>\n<li style=\"text-align: justify;\">Skvoznikov V. Ya., Zherebtsov I. L., Fauzer V. V., Beznosova N. P. <em>Naselenie Respubliki Komi: proshloe, nastoyashchee, budushchee (o chem rasskazyvayut perepisi) <\/em>[The population of the Komi Republic: past, present, future (as reported by the censuses). Syktyvkar, Goskomstat of the Komi Republic, 2001, 175 p. (In Russ.).<\/li>\n<li style=\"text-align: justify;\">Bazhutova E. A. Vakhta kak rezerv dlya transformatsii migratsionnykh protsessov v regionakh Arkticheskoi zony Rossiiskoi Federatsii [Shift method as a reserve for the transformation of migration processes in the regions of the Russian Arctic]. <em>Sever i rynok: formirovanie ekonomicheskogo poryadka<\/em> [The North and the Market: Forming the Economic Order], 2022, no. 4, pp. 148\u2013166. (In Russ.). doi:<a href=\"https:\/\/doi.org\/10.37614\/2220-802x.4.2022.78.011\">10.37614\/2220-802X.4.2022.78.011<\/a>.<\/li>\n<li style=\"text-align: justify;\">Fauzer V. V., Lytkina T. S., Fauzer G. N., Smirnov A. V. Vliyanie migratsii na chislennost&#8217; i transformatsiyu sotsial&#8217;no-demograficheskikh struktur naseleniya rossiiskogo Severa [The impact of migration on the number and transformation of socio-demographic structures of the population in the Russian North]. Izvestiya Komi nauchnogo tsentra UrO RAN [Proceedings of the Komi Science Centre of the Ural Branch of the Russian Academy of Sciences], 2018, no. 4 (36), pp. 10\u201320. (In Russ.). doi:<a href=\"https:\/\/doi.org\/10.19110\/1994-5655-2018-4-111-121\">10.19110\/1994-5655-2018-4-111-121<\/a><\/li>\n<li style=\"text-align: justify;\">Stepus I. S., Simakova A. V., Gurtov V. A., Khoteeva E. A. Migratsionnye potoki vypusknikov shkol i vuzov v regionakh Rossiiskoi Arktiki: ob&#8221;emy, vektora i otsenka sorazmernosti [Migration flows of school and university graduates in the Russian Arctic regions: Volume, vectors, and proportionality assessment]. <em>Sever i rynok: formirovanie ekonomicheskogo poryadka<\/em> [The North and the Market: Forming the Economic Order], 2023, no. 1, pp. 80\u201394. (In Russ.). doi:<a href=\"https:\/\/doi.org\/10.37614\/2220-802x.1.2023.79.005\">10.37614\/2220-802X.1.2023.79.005<\/a><\/li>\n<li style=\"text-align: justify;\">Ilyin V. I. Pokolencheskaya situatsiya: uekhat&#8217; ili ostat&#8217;sya? (na materialakh biograficheskogo issledovaniya v severnoi glubinke) [Individual Generational Situation: A Biographical Study of the Northern Hinterland]. <em>Mir Rossii<\/em> [Universe of Russia], 2022, vol. 31 (4), \u0440 6\u201332. (In Russ.). doi:<a href=\"https:\/\/doi.org\/10.17323\/1811-038x-2022-31-4-6-32\">10.17323\/1811-038X-2022-31-4-6-32<\/a><\/li>\n<li style=\"text-align: justify;\">Zhuravlev N. Yu. Migratsionnoe povedenie studenchestva severnogo goroda [Migration behavior of students in a Northern Russia city]. <em> Demograficheskie issledovaniya<\/em> [DEMIS. Demographic research], 2021, vol. 1 (2), pp. 182\u2013193. (In Russ.). doi: <a href=\"https:\/\/doi.org\/10.19181\/demis.2021.1.2.14\">10.19181\/demis.2021.1.2.14<\/a>.<\/li>\n<li style=\"text-align: justify;\">Fomina\u00a0V.\u00a0F., Fomin\u00a0A.\u00a0V. Otsenka komfortnosti zhilishchno-kommunal&#8217;nykh uslovii v sel&#8217;skikh raionakh Respubliki Komi [Evaluation of the comfort of the housing and communal conditions in rural areas of the republic of Komi]. <em>Sever i rynok: formirovanie ekonomicheskogo poryadka<\/em> [The North and the Market: Forming the Economic Order], 2019, no. 2 (64), \u0440 88\u2013105. (In Russ.).<\/li>\n<li style=\"text-align: justify;\">Shchekotin E. V. Kachestvo zhizni v global&#8217;nom obshchestve riska: metodologicheskii podkhod [Quality of life in a global risk society: A methodological approach].<em> Sreda. Razvitie<\/em> [Society. Environment. Development], 2012, no.\u00a01\u00a0(22), \u0440\u0440. 167\u2013171. (In Russ.).<\/li>\n<li style=\"text-align: justify;\">Liga M. B. <em>Kachestvo zhizni kak osnova sotsial&#8217;noi bezopasnosti<\/em> [Quality of life as the basis of social security]. Moscow, 2006, 223 \u0440. (In Russ.).<\/li>\n<li style=\"text-align: justify;\">Kapustin E. I. <em>Uroven\u2019, kachestvo i obraz zhizni naseleniya Rossii<\/em> [The level, quality and lifestyle of the Russian population]. Moscow, 2006, 323 \u0440. (In Russ.).<\/li>\n<li style=\"text-align: justify;\">Politika dokhodov i zanyatosti [Income and employment policy]. Saint Petersburg, 2003, 652 \u0440. (In Russ.).<\/li>\n<li style=\"text-align: justify;\">Bobkov V. N., Bobkova T. E., Vershinina M. A., Gulyugina A. A., Zolotov A., Kolmakov I. B., \u041b\u043e\u043a\u0442\u044e\u0445\u0438\u043d\u0430 N., Lyutov N., Nazarova U. A., Odintsova E., Shamaeva E. F, Chernykh E. A., Yudina M. <em>Uroven&#8217; i kachestvo zhizni naseleniya Rossii: ot real&#8217;nosti k proektirovaniyu budushchego<\/em> [The level and quality of life of the Russian population: from reality to designing the future]. Moscow, FNISCz RAN, 2022, 274 \u0440. (In Russ.).<\/li>\n<li style=\"text-align: justify;\">Timushev E. N., Terentyeva M. A. Maloe i srednee predprinimatel&#8217;stvo na Severe Rossii: problemy i politika podderzhki so storony regionov [Small and Medium Enterprises in the North of Russia: Problems and Support Policies from the Regions]. <em>Arktika: ekologiya i ekonomika<\/em> [Arctic: Ecology and Economy], 2022, vol. 12, no. 3, \u0440\u0440. 400\u2013415. (In Russ.). DOI:<a href=\"http:\/\/arctica-ac.ru\/docs\/journals\/47\/maloe-isrednee-predprinimatelstvo-na-severe-rossii-problemy-ipolitika-podderjki-.pdf\">10.25283\/2223-4594-2022-3-400-415<\/a><\/li>\n<li style=\"text-align: justify;\">Measham T., Fleming D., Schandl H. A conceptual model of the socioeconomic impacts of unconventional fossil fuel extraction. <em>Global Environmental Change<\/em>, 2016, no. 36, pp. 101\u2013110. doi: <a href=\"https:\/\/doi.org\/10.1016\/j.gloenvcha.2015.12.002\">10.1016\/j.gloenvcha.2015.12.002<\/a>.<\/li>\n<li style=\"text-align: justify;\">Ivanov V. A. Osobennosti obespecheniya prodovol&#8217;stvennoi bezopasnosti naseleniya Severa i Arktiki Rossii [Features ensuring food security for the population of the North and Arctic of Russia]. <em>Arktika: ekologiya i ekonomika<\/em> [Arctic: Ecology and Economy], 2021, vol. 11, no. 4, \u0440\u0440. 596\u2013606. (In Russ.). doi:<a href=\"https:\/\/doi.org\/10.25283\/2223-4594-2021-4-596-606\">10.25283\/2223-4594-2021-4-596-606<\/a><\/li>\n<li style=\"text-align: justify;\">Lipatova L. N., Gradusova V. N., Strokan E. V. Statisticheskaya otsenka dostizheniya strategicheskoi tseli po prodolzhitel&#8217;nosti zhizni naseleniya arkticheskikh regionov Rossii [Statistical evaluation of progress towards achieving the strategic goal of life expectancy growth in the Russian Arctic]. <em>Sever i rynok: formirovanie ekonomicheskogo poryadka<\/em> [The North and the Market: Forming the Economic Order], 2023, no. 3, pp. 93\u2013108. doi:<a href=\"https:\/\/doi.org\/10.37614\/2220-802x.3.2023.81.006\">10.37614\/2220-802X.3.2023.81.006<\/a>.<\/li>\n<li style=\"text-align: justify;\">Emelyanova A. Exploring the Future Population and Educational Dynamics in the Arctic: 2015 to 2050. <em>Finnish Yearbook of Population Research<\/em>, 2019, vol. 53, pp. 1\u201324. DOI:<a href=\"https:\/\/doi.org\/10.23979\/fypr.70159\">10.23979\/fypr.70159<\/a><\/li>\n<li style=\"text-align: justify;\">M\u00e4\u00e4tt\u00e4 K., Uusiautti S. Arctic Education and Future. <em>Human migration in the Arctic: the Past, Present, and Future,<\/em> Uusiautti S., Yeasmin N. Springer, 2019, pp. 213\u2013238. DOI: <a href=\"https:\/\/doi.org\/10.1007\/978-981-13-6561-4\">10.1007\/978-981-13-6561-4<\/a>.<\/li>\n<li style=\"text-align: justify;\">Rozanova-Smith \u041c. Stay or Leave? Arctic Youth Prospects and Sustainable Futures of the Russian Arctic Communities. <em>Sustainability<\/em>, 2021, 13 (21), 12058; DOI:<a href=\"https:\/\/doi.org\/10.3390\/su132112058\">10.3390\/su132112058<\/a><\/li>\n<li style=\"text-align: justify;\">Shelomentsev A., Voronina L.V., Ukhanova A., Smirennikova E. Directions and Prerequisites for the Outflow of Youth from the Arctic Zone of Russian Federation. <em>Proceedings of the Ecological-Socio-Economic Systems: Models of Competition and Cooperation (ESES 2019)<\/em>, vol. 392, pp. 271\u2013274. DOI: <a href=\"https:\/\/doi.org\/10.2991\/assehr.k.200113.055\">10.2991\/assehr.k.200113.055<\/a>.<\/li>\n<\/ol>\n","protected":false},"excerpt":{"rendered":"<p>Original article Download\u00a0article\u00a0 Elena V. Strokan1, Lyudmila N. Lipatova2, Valentina N. Gradusova3 1, 2, 3The North-West Institute of Management \u2014 Branch of the Russian Presidential Academy of National Economy \u00a0and Public Administration, Saint Petersburg, Russia 1moiseeva-ev@ranepa.ru, ORCID 0009-0004-6656-1158 2ln.lipatova@yandex.ru, ORCID &hellip; <a href=\"http:\/\/iep.kolasc.net.ru\/journal\/eng\/?page_id=1335\">Continue reading <span class=\"meta-nav\">&rarr;<\/span><\/a><\/p>\n","protected":false},"author":1,"featured_media":0,"parent":0,"menu_order":0,"comment_status":"closed","ping_status":"closed","template":"sidebar-page.php","meta":{"footnotes":""},"class_list":["post-1335","page","type-page","status-publish","hentry"],"_links":{"self":[{"href":"http:\/\/iep.kolasc.net.ru\/journal\/eng\/index.php?rest_route=\/wp\/v2\/pages\/1335","targetHints":{"allow":["GET"]}}],"collection":[{"href":"http:\/\/iep.kolasc.net.ru\/journal\/eng\/index.php?rest_route=\/wp\/v2\/pages"}],"about":[{"href":"http:\/\/iep.kolasc.net.ru\/journal\/eng\/index.php?rest_route=\/wp\/v2\/types\/page"}],"author":[{"embeddable":true,"href":"http:\/\/iep.kolasc.net.ru\/journal\/eng\/index.php?rest_route=\/wp\/v2\/users\/1"}],"replies":[{"embeddable":true,"href":"http:\/\/iep.kolasc.net.ru\/journal\/eng\/index.php?rest_route=%2Fwp%2Fv2%2Fcomments&post=1335"}],"version-history":[{"count":3,"href":"http:\/\/iep.kolasc.net.ru\/journal\/eng\/index.php?rest_route=\/wp\/v2\/pages\/1335\/revisions"}],"predecessor-version":[{"id":1366,"href":"http:\/\/iep.kolasc.net.ru\/journal\/eng\/index.php?rest_route=\/wp\/v2\/pages\/1335\/revisions\/1366"}],"wp:attachment":[{"href":"http:\/\/iep.kolasc.net.ru\/journal\/eng\/index.php?rest_route=%2Fwp%2Fv2%2Fmedia&parent=1335"}],"curies":[{"name":"wp","href":"https:\/\/api.w.org\/{rel}","templated":true}]}}