{"id":445,"date":"2019-03-05T12:14:46","date_gmt":"2019-03-05T09:14:46","guid":{"rendered":"http:\/\/iep.kolasc.net.ru\/journal\/eng\/?page_id=445"},"modified":"2021-06-10T09:48:22","modified_gmt":"2021-06-10T06:48:22","slug":"publication-fee","status":"publish","type":"page","link":"http:\/\/iep.kolasc.net.ru\/journal\/eng\/?page_id=445","title":{"rendered":"Publication fee"},"content":{"rendered":"<p>&#8220;Sever i rynok: formirovanie \u00e8konomi\u010deskogo por\u00e2dka&#8221; publishes papers free of charge. No fees are charged for reviewing, preparation, translation, display and printing of materials.<\/p>\n","protected":false},"excerpt":{"rendered":"<p>&#8220;Sever i rynok: formirovanie \u00e8konomi\u010deskogo por\u00e2dka&#8221; publishes papers free of charge. No fees are charged for reviewing, preparation, translation, display and printing of materials.<\/p>\n","protected":false},"author":1,"featured_media":0,"parent":0,"menu_order":0,"comment_status":"closed","ping_status":"closed","template":"sidebar-page.php","meta":{"footnotes":""},"class_list":["post-445","page","type-page","status-publish","hentry"],"_links":{"self":[{"href":"http:\/\/iep.kolasc.net.ru\/journal\/eng\/index.php?rest_route=\/wp\/v2\/pages\/445","targetHints":{"allow":["GET"]}}],"collection":[{"href":"http:\/\/iep.kolasc.net.ru\/journal\/eng\/index.php?rest_route=\/wp\/v2\/pages"}],"about":[{"href":"http:\/\/iep.kolasc.net.ru\/journal\/eng\/index.php?rest_route=\/wp\/v2\/types\/page"}],"author":[{"embeddable":true,"href":"http:\/\/iep.kolasc.net.ru\/journal\/eng\/index.php?rest_route=\/wp\/v2\/users\/1"}],"replies":[{"embeddable":true,"href":"http:\/\/iep.kolasc.net.ru\/journal\/eng\/index.php?rest_route=%2Fwp%2Fv2%2Fcomments&post=445"}],"version-history":[{"count":1,"href":"http:\/\/iep.kolasc.net.ru\/journal\/eng\/index.php?rest_route=\/wp\/v2\/pages\/445\/revisions"}],"predecessor-version":[{"id":446,"href":"http:\/\/iep.kolasc.net.ru\/journal\/eng\/index.php?rest_route=\/wp\/v2\/pages\/445\/revisions\/446"}],"wp:attachment":[{"href":"http:\/\/iep.kolasc.net.ru\/journal\/eng\/index.php?rest_route=%2Fwp%2Fv2%2Fmedia&parent=445"}],"curies":[{"name":"wp","href":"https:\/\/api.w.org\/{rel}","templated":true}]}}